{"id":750,"date":"2021-10-03T09:11:09","date_gmt":"2021-10-03T12:11:09","guid":{"rendered":"https:\/\/nucleobatuira.org.br\/?page_id=750"},"modified":"2025-10-02T09:13:09","modified_gmt":"2025-10-02T12:13:09","slug":"portal-transparencia","status":"publish","type":"page","link":"https:\/\/nucleobatuira.org.br\/?page_id=750","title":{"rendered":"TRANSPAR\u00caNCIA"},"content":{"rendered":"\t\t<div data-elementor-type=\"wp-page\" data-elementor-id=\"750\" class=\"elementor elementor-750\" data-elementor-settings=\"[]\">\n\t\t\t\t\t\t\t<div class=\"elementor-section-wrap\">\n\t\t\t\t\t\t\t<section class=\"elementor-section elementor-top-section elementor-element elementor-element-4fc3e72 elementor-section-boxed elementor-section-height-default elementor-section-height-default\" data-id=\"4fc3e72\" data-element_type=\"section\">\n\t\t\t\t\t\t<div class=\"elementor-container elementor-column-gap-default\">\n\t\t\t\t\t<div class=\"elementor-column elementor-col-100 elementor-top-column elementor-element elementor-element-d17040f\" data-id=\"d17040f\" data-element_type=\"column\">\n\t\t\t<div class=\"elementor-widget-wrap elementor-element-populated\">\n\t\t\t\t\t\t\t\t<div class=\"elementor-element elementor-element-29f6736 elementor-widget elementor-widget-image\" data-id=\"29f6736\" data-element_type=\"widget\" data-widget_type=\"image.default\">\n\t\t\t\t<div class=\"elementor-widget-container\">\n\t\t\t\t\t\t\t\t\t\t\t\t\t\t\t\t<a href=\"https:\/\/transparencianucle.wixsite.com\/my-site-1%20\">\n\t\t\t\t\t\t\t<img loading=\"lazy\" decoding=\"async\" width=\"1366\" height=\"768\" src=\"https:\/\/nucleobatuira.org.br\/wp-content\/uploads\/2024\/01\/SITE-NUCLEO-BATUIRA-PROJETO.png\" class=\"attachment-2048x2048 size-2048x2048\" alt=\"\" srcset=\"https:\/\/nucleobatuira.org.br\/wp-content\/uploads\/2024\/01\/SITE-NUCLEO-BATUIRA-PROJETO.png 1366w, https:\/\/nucleobatuira.org.br\/wp-content\/uploads\/2024\/01\/SITE-NUCLEO-BATUIRA-PROJETO-300x169.png 300w, https:\/\/nucleobatuira.org.br\/wp-content\/uploads\/2024\/01\/SITE-NUCLEO-BATUIRA-PROJETO-1024x576.png 1024w, https:\/\/nucleobatuira.org.br\/wp-content\/uploads\/2024\/01\/SITE-NUCLEO-BATUIRA-PROJETO-768x432.png 768w\" sizes=\"(max-width: 1366px) 100vw, 1366px\" \/>\t\t\t\t\t\t\t\t<\/a>\n\t\t\t\t\t\t\t\t\t\t\t\t\t\t\t<\/div>\n\t\t\t\t<\/div>\n\t\t\t\t\t<\/div>\n\t\t<\/div>\n\t\t\t\t\t\t\t<\/div>\n\t\t<\/section>\n\t\t\t\t<section class=\"elementor-section elementor-top-section elementor-element elementor-element-4c09208 elementor-section-boxed elementor-section-height-default elementor-section-height-default\" data-id=\"4c09208\" data-element_type=\"section\">\n\t\t\t\t\t\t<div class=\"elementor-container elementor-column-gap-default\">\n\t\t\t\t\t<div class=\"elementor-column elementor-col-100 elementor-top-column elementor-element elementor-element-79672fe\" data-id=\"79672fe\" data-element_type=\"column\">\n\t\t\t<div class=\"elementor-widget-wrap elementor-element-populated\">\n\t\t\t\t\t\t\t\t<div class=\"elementor-element elementor-element-420e28e elementor-widget elementor-widget-image\" data-id=\"420e28e\" data-element_type=\"widget\" data-widget_type=\"image.default\">\n\t\t\t\t<div class=\"elementor-widget-container\">\n\t\t\t\t\t\t\t\t\t\t\t\t\t\t\t\t<a href=\"https:\/\/transparencianucle.wixsite.com\/my-site-1%20\">\n\t\t\t\t\t\t\t<img loading=\"lazy\" decoding=\"async\" width=\"1366\" height=\"768\" src=\"https:\/\/nucleobatuira.org.br\/wp-content\/uploads\/2024\/01\/SITE-NUCLEO-BATUIRA-PROJETO-1.png\" class=\"attachment-2048x2048 size-2048x2048\" alt=\"\" srcset=\"https:\/\/nucleobatuira.org.br\/wp-content\/uploads\/2024\/01\/SITE-NUCLEO-BATUIRA-PROJETO-1.png 1366w, https:\/\/nucleobatuira.org.br\/wp-content\/uploads\/2024\/01\/SITE-NUCLEO-BATUIRA-PROJETO-1-300x169.png 300w, https:\/\/nucleobatuira.org.br\/wp-content\/uploads\/2024\/01\/SITE-NUCLEO-BATUIRA-PROJETO-1-1024x576.png 1024w, https:\/\/nucleobatuira.org.br\/wp-content\/uploads\/2024\/01\/SITE-NUCLEO-BATUIRA-PROJETO-1-768x432.png 768w\" sizes=\"(max-width: 1366px) 100vw, 1366px\" \/>\t\t\t\t\t\t\t\t<\/a>\n\t\t\t\t\t\t\t\t\t\t\t\t\t\t\t<\/div>\n\t\t\t\t<\/div>\n\t\t\t\t\t<\/div>\n\t\t<\/div>\n\t\t\t\t\t\t\t<\/div>\n\t\t<\/section>\n\t\t\t\t<section class=\"elementor-section elementor-top-section elementor-element elementor-element-cbd6260 elementor-section-boxed elementor-section-height-default elementor-section-height-default\" data-id=\"cbd6260\" data-element_type=\"section\">\n\t\t\t\t\t\t<div class=\"elementor-container elementor-column-gap-default\">\n\t\t\t\t\t<div class=\"elementor-column elementor-col-100 elementor-top-column elementor-element elementor-element-80362af\" data-id=\"80362af\" data-element_type=\"column\">\n\t\t\t<div class=\"elementor-widget-wrap elementor-element-populated\">\n\t\t\t\t\t\t\t\t<div class=\"elementor-element elementor-element-9b8c403 elementor-widget elementor-widget-text-editor\" data-id=\"9b8c403\" data-element_type=\"widget\" data-widget_type=\"text-editor.default\">\n\t\t\t\t<div class=\"elementor-widget-container\">\n\t\t\t\t\t\t\t\t<h3><strong>Relat\u00f3rio de Transpar\u00eancia Salarial \u2013 2\u00ba semestre\/2025<\/strong><\/h3><h3><strong>Em atendimento \u00e0 Lei n\u00ba 14.611\/2023 e ao Decreto n\u00ba 11.795\/2023, disponibilizamos o Relat\u00f3rio de Transpar\u00eancia Salarial e de Crit\u00e9rios Remunerat\u00f3rios, emitido pelo Minist\u00e9rio do Trabalho e Emprego.<\/strong><\/h3><h3><strong>[Baixar o Relat\u00f3rio do MTE]<\/strong><\/h3>\t\t\t\t\t\t<\/div>\n\t\t\t\t<\/div>\n\t\t\t\t<div class=\"elementor-element elementor-element-61676a5 elementor-widget elementor-widget-image\" data-id=\"61676a5\" data-element_type=\"widget\" data-widget_type=\"image.default\">\n\t\t\t\t<div class=\"elementor-widget-container\">\n\t\t\t\t\t\t\t\t\t\t\t\t\t\t\t<img loading=\"lazy\" decoding=\"async\" width=\"1024\" height=\"724\" src=\"https:\/\/nucleobatuira.org.br\/wp-content\/uploads\/2025\/10\/RelatorioIgualdadeSalarialLote_2025_2_43844273000630NUCLEO-FILIAL.pdf-1024x724.jpg\" class=\"attachment-large size-large\" alt=\"\" srcset=\"https:\/\/nucleobatuira.org.br\/wp-content\/uploads\/2025\/10\/RelatorioIgualdadeSalarialLote_2025_2_43844273000630NUCLEO-FILIAL.pdf-1024x724.jpg 1024w, https:\/\/nucleobatuira.org.br\/wp-content\/uploads\/2025\/10\/RelatorioIgualdadeSalarialLote_2025_2_43844273000630NUCLEO-FILIAL.pdf-300x212.jpg 300w, https:\/\/nucleobatuira.org.br\/wp-content\/uploads\/2025\/10\/RelatorioIgualdadeSalarialLote_2025_2_43844273000630NUCLEO-FILIAL.pdf-768x543.jpg 768w, https:\/\/nucleobatuira.org.br\/wp-content\/uploads\/2025\/10\/RelatorioIgualdadeSalarialLote_2025_2_43844273000630NUCLEO-FILIAL.pdf-1536x1086.jpg 1536w, https:\/\/nucleobatuira.org.br\/wp-content\/uploads\/2025\/10\/RelatorioIgualdadeSalarialLote_2025_2_43844273000630NUCLEO-FILIAL.pdf.jpg 2000w\" sizes=\"(max-width: 1024px) 100vw, 1024px\" \/>\t\t\t\t\t\t\t\t\t\t\t\t\t\t\t<\/div>\n\t\t\t\t<\/div>\n\t\t\t\t\t<\/div>\n\t\t<\/div>\n\t\t\t\t\t\t\t<\/div>\n\t\t<\/section>\n\t\t\t\t<section class=\"elementor-section elementor-top-section elementor-element elementor-element-37f3f70 elementor-section-boxed elementor-section-height-default elementor-section-height-default\" data-id=\"37f3f70\" data-element_type=\"section\">\n\t\t\t\t\t\t<div class=\"elementor-container elementor-column-gap-default\">\n\t\t\t\t\t<div class=\"elementor-column elementor-col-100 elementor-top-column elementor-element elementor-element-d29a8fc\" data-id=\"d29a8fc\" data-element_type=\"column\">\n\t\t\t<div class=\"elementor-widget-wrap elementor-element-populated\">\n\t\t\t\t\t\t\t\t<div class=\"elementor-element elementor-element-c952d25 elementor-widget elementor-widget-image\" data-id=\"c952d25\" data-element_type=\"widget\" data-widget_type=\"image.default\">\n\t\t\t\t<div class=\"elementor-widget-container\">\n\t\t\t\t\t\t\t\t\t\t\t\t\t\t\t<img loading=\"lazy\" decoding=\"async\" width=\"1024\" height=\"724\" src=\"https:\/\/nucleobatuira.org.br\/wp-content\/uploads\/2025\/10\/RelatorioIgualdadeSalarialLote_2025_2_43844273000125NUCLEO.pdf-1024x724.jpg\" class=\"attachment-large size-large\" alt=\"\" srcset=\"https:\/\/nucleobatuira.org.br\/wp-content\/uploads\/2025\/10\/RelatorioIgualdadeSalarialLote_2025_2_43844273000125NUCLEO.pdf-1024x724.jpg 1024w, https:\/\/nucleobatuira.org.br\/wp-content\/uploads\/2025\/10\/RelatorioIgualdadeSalarialLote_2025_2_43844273000125NUCLEO.pdf-300x212.jpg 300w, https:\/\/nucleobatuira.org.br\/wp-content\/uploads\/2025\/10\/RelatorioIgualdadeSalarialLote_2025_2_43844273000125NUCLEO.pdf-768x543.jpg 768w, https:\/\/nucleobatuira.org.br\/wp-content\/uploads\/2025\/10\/RelatorioIgualdadeSalarialLote_2025_2_43844273000125NUCLEO.pdf-1536x1086.jpg 1536w, https:\/\/nucleobatuira.org.br\/wp-content\/uploads\/2025\/10\/RelatorioIgualdadeSalarialLote_2025_2_43844273000125NUCLEO.pdf.jpg 2000w\" sizes=\"(max-width: 1024px) 100vw, 1024px\" \/>\t\t\t\t\t\t\t\t\t\t\t\t\t\t\t<\/div>\n\t\t\t\t<\/div>\n\t\t\t\t\t<\/div>\n\t\t<\/div>\n\t\t\t\t\t\t\t<\/div>\n\t\t<\/section>\n\t\t\t\t<section class=\"elementor-section elementor-top-section elementor-element elementor-element-99eec76 elementor-section-boxed elementor-section-height-default elementor-section-height-default\" data-id=\"99eec76\" data-element_type=\"section\">\n\t\t\t\t\t\t<div class=\"elementor-container elementor-column-gap-default\">\n\t\t\t\t\t<div class=\"elementor-column elementor-col-100 elementor-top-column elementor-element elementor-element-1c5d6d1\" data-id=\"1c5d6d1\" data-element_type=\"column\">\n\t\t\t<div class=\"elementor-widget-wrap\">\n\t\t\t\t\t\t\t\t\t<\/div>\n\t\t<\/div>\n\t\t\t\t\t\t\t<\/div>\n\t\t<\/section>\n\t\t\t\t\t\t<\/div>\n\t\t\t\t\t<\/div>\n\t\t","protected":false},"excerpt":{"rendered":"<p>Relat\u00f3rio de Transpar\u00eancia Salarial \u2013 2\u00ba semestre\/2025 Em atendimento \u00e0 Lei n\u00ba 14.611\/2023 e ao Decreto n\u00ba 11.795\/2023, disponibilizamos o Relat\u00f3rio de Transpar\u00eancia Salarial e de Crit\u00e9rios Remunerat\u00f3rios, emitido pelo Minist\u00e9rio do Trabalho e Emprego. [Baixar o Relat\u00f3rio do MTE]<\/p>\n","protected":false},"author":1,"featured_media":0,"parent":0,"menu_order":0,"comment_status":"closed","ping_status":"closed","template":"elementor_header_footer","meta":{"neve_meta_sidebar":"full-width","neve_meta_container":"","neve_meta_enable_content_width":"on","neve_meta_content_width":100,"neve_meta_title_alignment":"","neve_meta_author_avatar":"","neve_post_elements_order":"","neve_meta_disable_header":"","neve_meta_disable_footer":"","neve_meta_disable_title":"","footnotes":""},"_links":{"self":[{"href":"https:\/\/nucleobatuira.org.br\/index.php?rest_route=\/wp\/v2\/pages\/750"}],"collection":[{"href":"https:\/\/nucleobatuira.org.br\/index.php?rest_route=\/wp\/v2\/pages"}],"about":[{"href":"https:\/\/nucleobatuira.org.br\/index.php?rest_route=\/wp\/v2\/types\/page"}],"author":[{"embeddable":true,"href":"https:\/\/nucleobatuira.org.br\/index.php?rest_route=\/wp\/v2\/users\/1"}],"replies":[{"embeddable":true,"href":"https:\/\/nucleobatuira.org.br\/index.php?rest_route=%2Fwp%2Fv2%2Fcomments&post=750"}],"version-history":[{"count":18,"href":"https:\/\/nucleobatuira.org.br\/index.php?rest_route=\/wp\/v2\/pages\/750\/revisions"}],"predecessor-version":[{"id":1445,"href":"https:\/\/nucleobatuira.org.br\/index.php?rest_route=\/wp\/v2\/pages\/750\/revisions\/1445"}],"wp:attachment":[{"href":"https:\/\/nucleobatuira.org.br\/index.php?rest_route=%2Fwp%2Fv2%2Fmedia&parent=750"}],"curies":[{"name":"wp","href":"https:\/\/api.w.org\/{rel}","templated":true}]}}