{"id":307,"date":"2020-01-13T11:17:52","date_gmt":"2020-01-13T11:17:52","guid":{"rendered":"https:\/\/demosites.io\/web-agency-gb\/?page_id=5"},"modified":"2024-12-11T10:11:29","modified_gmt":"2024-12-11T13:11:29","slug":"home","status":"publish","type":"page","link":"https:\/\/nucleobatuira.org.br\/","title":{"rendered":"HOME"},"content":{"rendered":"\t\t<div data-elementor-type=\"wp-page\" data-elementor-id=\"307\" class=\"elementor elementor-307\" data-elementor-settings=\"[]\">\n\t\t\t\t\t\t\t<div class=\"elementor-section-wrap\">\n\t\t\t\t\t\t\t<section class=\"elementor-section elementor-top-section elementor-element elementor-element-227c553 elementor-section-height-min-height elementor-section-stretched elementor-section-full_width elementor-section-height-default elementor-section-items-middle\" data-id=\"227c553\" data-element_type=\"section\" data-settings=\"{&quot;background_background&quot;:&quot;classic&quot;,&quot;stretch_section&quot;:&quot;section-stretched&quot;}\">\n\t\t\t\t\t\t<div class=\"elementor-container elementor-column-gap-no\">\n\t\t\t\t\t<div class=\"elementor-column elementor-col-100 elementor-top-column elementor-element elementor-element-0f90213\" data-id=\"0f90213\" data-element_type=\"column\">\n\t\t\t<div class=\"elementor-widget-wrap elementor-element-populated\">\n\t\t\t\t\t\t\t\t<div class=\"elementor-element elementor-element-454fce6 elementor-aspect-ratio-169 elementor-widget elementor-widget-video\" data-id=\"454fce6\" data-element_type=\"widget\" data-settings=\"{&quot;video_type&quot;:&quot;hosted&quot;,&quot;autoplay&quot;:&quot;yes&quot;,&quot;play_on_mobile&quot;:&quot;yes&quot;,&quot;loop&quot;:&quot;yes&quot;,&quot;mute&quot;:&quot;yes&quot;,&quot;aspect_ratio&quot;:&quot;169&quot;}\" data-widget_type=\"video.default\">\n\t\t\t\t<div class=\"elementor-widget-container\">\n\t\t\t\t\t<div class=\"e-hosted-video elementor-wrapper elementor-fit-aspect-ratio elementor-open-inline\">\n\t\t\t\t\t<video class=\"elementor-video\" src=\"https:\/\/nucleobatuira.org.br\/wp-content\/uploads\/2023\/10\/Design-sem-nome.mp4\" autoplay=\"\" loop=\"\" muted=\"muted\" playsinline=\"\" controlsList=\"nodownload\"><\/video>\n\t\t\t\t<\/div>\n\t\t\t\t<\/div>\n\t\t\t\t<\/div>\n\t\t\t\t<div class=\"elementor-element elementor-element-a918da0 elementor-widget__width-inherit elementor-widget elementor-widget-image\" data-id=\"a918da0\" data-element_type=\"widget\" data-widget_type=\"image.default\">\n\t\t\t\t<div class=\"elementor-widget-container\">\n\t\t\t\t\t\t\t\t\t\t\t\t\t\t\t\t<a href=\"https:\/\/nucleobatuira.org.br\/?page_id=69\">\n\t\t\t\t\t\t\t<img loading=\"lazy\" decoding=\"async\" width=\"1366\" height=\"768\" src=\"https:\/\/nucleobatuira.org.br\/wp-content\/uploads\/2023\/09\/SITE-NUCLEO-BATUIRA-PROJETO-1.png\" class=\"attachment-full size-full\" alt=\"\" srcset=\"https:\/\/nucleobatuira.org.br\/wp-content\/uploads\/2023\/09\/SITE-NUCLEO-BATUIRA-PROJETO-1.png 1366w, https:\/\/nucleobatuira.org.br\/wp-content\/uploads\/2023\/09\/SITE-NUCLEO-BATUIRA-PROJETO-1-300x169.png 300w, https:\/\/nucleobatuira.org.br\/wp-content\/uploads\/2023\/09\/SITE-NUCLEO-BATUIRA-PROJETO-1-1024x576.png 1024w, https:\/\/nucleobatuira.org.br\/wp-content\/uploads\/2023\/09\/SITE-NUCLEO-BATUIRA-PROJETO-1-768x432.png 768w\" sizes=\"(max-width: 1366px) 100vw, 1366px\" \/>\t\t\t\t\t\t\t\t<\/a>\n\t\t\t\t\t\t\t\t\t\t\t\t\t\t\t<\/div>\n\t\t\t\t<\/div>\n\t\t\t\t<div class=\"elementor-element elementor-element-29843ba elementor-widget__width-inherit elementor-aspect-ratio-169 elementor-widget elementor-widget-video\" data-id=\"29843ba\" data-element_type=\"widget\" data-settings=\"{&quot;video_type&quot;:&quot;hosted&quot;,&quot;autoplay&quot;:&quot;yes&quot;,&quot;controls&quot;:&quot;yes&quot;,&quot;aspect_ratio&quot;:&quot;169&quot;}\" data-widget_type=\"video.default\">\n\t\t\t\t<div class=\"elementor-widget-container\">\n\t\t\t\t\t<div class=\"e-hosted-video elementor-wrapper elementor-fit-aspect-ratio elementor-open-inline\">\n\t\t\t\t\t<video class=\"elementor-video\" src=\"https:\/\/nucleobatuira.org.br\/wp-content\/uploads\/2023\/10\/Criancas-2.mp4\" autoplay=\"\" controls=\"\" controlsList=\"nodownload\"><\/video>\n\t\t\t\t<\/div>\n\t\t\t\t<\/div>\n\t\t\t\t<\/div>\n\t\t\t\t<div class=\"elementor-element elementor-element-10eebb5 elementor-widget__width-inherit elementor-widget elementor-widget-image\" data-id=\"10eebb5\" data-element_type=\"widget\" data-widget_type=\"image.default\">\n\t\t\t\t<div class=\"elementor-widget-container\">\n\t\t\t\t\t\t\t\t\t\t\t\t\t\t\t<img loading=\"lazy\" decoding=\"async\" width=\"1366\" height=\"768\" src=\"https:\/\/nucleobatuira.org.br\/wp-content\/uploads\/2023\/10\/5.png\" class=\"attachment-full size-full\" alt=\"\" srcset=\"https:\/\/nucleobatuira.org.br\/wp-content\/uploads\/2023\/10\/5.png 1366w, https:\/\/nucleobatuira.org.br\/wp-content\/uploads\/2023\/10\/5-300x169.png 300w, https:\/\/nucleobatuira.org.br\/wp-content\/uploads\/2023\/10\/5-1024x576.png 1024w, https:\/\/nucleobatuira.org.br\/wp-content\/uploads\/2023\/10\/5-768x432.png 768w\" sizes=\"(max-width: 1366px) 100vw, 1366px\" \/>\t\t\t\t\t\t\t\t\t\t\t\t\t\t\t<\/div>\n\t\t\t\t<\/div>\n\t\t\t\t<div class=\"elementor-element elementor-element-2b0f4a9 elementor-widget__width-inherit elementor-widget elementor-widget-image\" data-id=\"2b0f4a9\" data-element_type=\"widget\" data-widget_type=\"image.default\">\n\t\t\t\t<div class=\"elementor-widget-container\">\n\t\t\t\t\t\t\t\t\t\t\t\t\t\t\t<img loading=\"lazy\" decoding=\"async\" width=\"1366\" height=\"768\" src=\"https:\/\/nucleobatuira.org.br\/wp-content\/uploads\/2023\/09\/SITE-NUCLEO-BATUIRA-PROJETO-5.png\" class=\"attachment-2048x2048 size-2048x2048\" alt=\"\" srcset=\"https:\/\/nucleobatuira.org.br\/wp-content\/uploads\/2023\/09\/SITE-NUCLEO-BATUIRA-PROJETO-5.png 1366w, https:\/\/nucleobatuira.org.br\/wp-content\/uploads\/2023\/09\/SITE-NUCLEO-BATUIRA-PROJETO-5-300x169.png 300w, https:\/\/nucleobatuira.org.br\/wp-content\/uploads\/2023\/09\/SITE-NUCLEO-BATUIRA-PROJETO-5-1024x576.png 1024w, https:\/\/nucleobatuira.org.br\/wp-content\/uploads\/2023\/09\/SITE-NUCLEO-BATUIRA-PROJETO-5-768x432.png 768w\" sizes=\"(max-width: 1366px) 100vw, 1366px\" \/>\t\t\t\t\t\t\t\t\t\t\t\t\t\t\t<\/div>\n\t\t\t\t<\/div>\n\t\t\t\t<div class=\"elementor-element elementor-element-2e619e9 elementor-widget__width-inherit elementor-widget elementor-widget-image\" data-id=\"2e619e9\" data-element_type=\"widget\" data-widget_type=\"image.default\">\n\t\t\t\t<div class=\"elementor-widget-container\">\n\t\t\t\t\t\t\t\t\t\t\t\t\t\t\t\t<a href=\"https:\/\/nucleobatuira.org.br\/?page_id=69\">\n\t\t\t\t\t\t\t<img loading=\"lazy\" decoding=\"async\" width=\"1366\" height=\"768\" src=\"https:\/\/nucleobatuira.org.br\/wp-content\/uploads\/2023\/09\/SITE-NUCLEO-BATUIRA-PROJETO-6-1.png\" class=\"attachment-2048x2048 size-2048x2048\" alt=\"\" srcset=\"https:\/\/nucleobatuira.org.br\/wp-content\/uploads\/2023\/09\/SITE-NUCLEO-BATUIRA-PROJETO-6-1.png 1366w, https:\/\/nucleobatuira.org.br\/wp-content\/uploads\/2023\/09\/SITE-NUCLEO-BATUIRA-PROJETO-6-1-300x169.png 300w, https:\/\/nucleobatuira.org.br\/wp-content\/uploads\/2023\/09\/SITE-NUCLEO-BATUIRA-PROJETO-6-1-1024x576.png 1024w, https:\/\/nucleobatuira.org.br\/wp-content\/uploads\/2023\/09\/SITE-NUCLEO-BATUIRA-PROJETO-6-1-768x432.png 768w\" sizes=\"(max-width: 1366px) 100vw, 1366px\" \/>\t\t\t\t\t\t\t\t<\/a>\n\t\t\t\t\t\t\t\t\t\t\t\t\t\t\t<\/div>\n\t\t\t\t<\/div>\n\t\t\t\t<div class=\"elementor-element elementor-element-2ba46e7 elementor-aspect-ratio-169 elementor-widget elementor-widget-video\" data-id=\"2ba46e7\" data-element_type=\"widget\" data-settings=\"{&quot;video_type&quot;:&quot;hosted&quot;,&quot;autoplay&quot;:&quot;yes&quot;,&quot;controls&quot;:&quot;yes&quot;,&quot;aspect_ratio&quot;:&quot;169&quot;}\" data-widget_type=\"video.default\">\n\t\t\t\t<div class=\"elementor-widget-container\">\n\t\t\t\t\t<div class=\"e-hosted-video elementor-wrapper elementor-fit-aspect-ratio elementor-open-inline\">\n\t\t\t\t\t<video class=\"elementor-video\" src=\"https:\/\/nucleobatuira.org.br\/wp-content\/uploads\/2023\/10\/criancas.mp4\" autoplay=\"\" controls=\"\" controlsList=\"nodownload\"><\/video>\n\t\t\t\t<\/div>\n\t\t\t\t<\/div>\n\t\t\t\t<\/div>\n\t\t\t\t<div class=\"elementor-element elementor-element-2947fed elementor-widget elementor-widget-heading\" data-id=\"2947fed\" data-element_type=\"widget\" data-widget_type=\"heading.default\">\n\t\t\t\t<div class=\"elementor-widget-container\">\n\t\t\t<h2 class=\"elementor-heading-title elementor-size-default\">NOSSA GALERIA DE FOTOS<\/h2>\t\t<\/div>\n\t\t\t\t<\/div>\n\t\t\t\t<div class=\"elementor-element elementor-element-ba17894 elementor-widget elementor-widget-gallery\" data-id=\"ba17894\" data-element_type=\"widget\" data-settings=\"{&quot;lazyload&quot;:&quot;yes&quot;,&quot;gallery_layout&quot;:&quot;grid&quot;,&quot;columns&quot;:4,&quot;columns_tablet&quot;:2,&quot;columns_mobile&quot;:1,&quot;gap&quot;:{&quot;unit&quot;:&quot;px&quot;,&quot;size&quot;:10,&quot;sizes&quot;:[]},&quot;gap_tablet&quot;:{&quot;unit&quot;:&quot;px&quot;,&quot;size&quot;:10,&quot;sizes&quot;:[]},&quot;gap_mobile&quot;:{&quot;unit&quot;:&quot;px&quot;,&quot;size&quot;:10,&quot;sizes&quot;:[]},&quot;link_to&quot;:&quot;file&quot;,&quot;aspect_ratio&quot;:&quot;3:2&quot;,&quot;overlay_background&quot;:&quot;yes&quot;,&quot;content_hover_animation&quot;:&quot;fade-in&quot;}\" data-widget_type=\"gallery.default\">\n\t\t\t\t<div class=\"elementor-widget-container\">\n\t\t\t\t\t<div class=\"elementor-gallery__container\">\n\t\t\t\t\t\t\t<a class=\"e-gallery-item elementor-gallery-item elementor-animated-content\" href=\"https:\/\/nucleobatuira.org.br\/wp-content\/uploads\/2021\/07\/projvidaplenaimg.jpg\" data-elementor-open-lightbox=\"yes\" data-elementor-lightbox-slideshow=\"all-ba17894\" data-elementor-lightbox-title=\"projvidaplenaimg\">\n\t\t\t\t\t<div class=\"e-gallery-image elementor-gallery-item__image\" data-thumbnail=\"https:\/\/nucleobatuira.org.br\/wp-content\/uploads\/2021\/07\/projvidaplenaimg.jpg\" data-width=\"250\" data-height=\"250\" alt=\"\" ><\/div>\n\t\t\t\t\t\t\t\t\t\t<div class=\"elementor-gallery-item__overlay\"><\/div>\n\t\t\t\t\t\t\t\t\t\t\t\t\t\t<\/a>\n\t\t\t\t\t\t\t<a class=\"e-gallery-item elementor-gallery-item elementor-animated-content\" href=\"https:\/\/nucleobatuira.org.br\/wp-content\/uploads\/2021\/07\/projsalaoimg.jpg\" data-elementor-open-lightbox=\"yes\" data-elementor-lightbox-slideshow=\"all-ba17894\" data-elementor-lightbox-title=\"projsalaoimg\">\n\t\t\t\t\t<div class=\"e-gallery-image elementor-gallery-item__image\" data-thumbnail=\"https:\/\/nucleobatuira.org.br\/wp-content\/uploads\/2021\/07\/projsalaoimg.jpg\" data-width=\"250\" data-height=\"250\" alt=\"\" ><\/div>\n\t\t\t\t\t\t\t\t\t\t<div class=\"elementor-gallery-item__overlay\"><\/div>\n\t\t\t\t\t\t\t\t\t\t\t\t\t\t<\/a>\n\t\t\t\t\t\t\t<a class=\"e-gallery-item elementor-gallery-item elementor-animated-content\" href=\"https:\/\/nucleobatuira.org.br\/wp-content\/uploads\/2021\/07\/projabordagemimg.jpg\" data-elementor-open-lightbox=\"yes\" data-elementor-lightbox-slideshow=\"all-ba17894\" data-elementor-lightbox-title=\"projabordagemimg\">\n\t\t\t\t\t<div class=\"e-gallery-image elementor-gallery-item__image\" data-thumbnail=\"https:\/\/nucleobatuira.org.br\/wp-content\/uploads\/2021\/07\/projabordagemimg.jpg\" data-width=\"250\" data-height=\"250\" alt=\"\" ><\/div>\n\t\t\t\t\t\t\t\t\t\t<div class=\"elementor-gallery-item__overlay\"><\/div>\n\t\t\t\t\t\t\t\t\t\t\t\t\t\t<\/a>\n\t\t\t\t\t\t\t<a class=\"e-gallery-item elementor-gallery-item elementor-animated-content\" href=\"https:\/\/nucleobatuira.org.br\/wp-content\/uploads\/2021\/07\/creche.jpg\" data-elementor-open-lightbox=\"yes\" data-elementor-lightbox-slideshow=\"all-ba17894\" data-elementor-lightbox-title=\"creche\">\n\t\t\t\t\t<div class=\"e-gallery-image elementor-gallery-item__image\" data-thumbnail=\"https:\/\/nucleobatuira.org.br\/wp-content\/uploads\/2021\/07\/creche-300x169.jpg\" data-width=\"300\" data-height=\"169\" alt=\"\" ><\/div>\n\t\t\t\t\t\t\t\t\t\t<div class=\"elementor-gallery-item__overlay\"><\/div>\n\t\t\t\t\t\t\t\t\t\t\t\t\t\t<\/a>\n\t\t\t\t\t\t\t<a class=\"e-gallery-item elementor-gallery-item elementor-animated-content\" href=\"https:\/\/nucleobatuira.org.br\/wp-content\/uploads\/2021\/07\/proj-bavin-340.jpg\" data-elementor-open-lightbox=\"yes\" data-elementor-lightbox-slideshow=\"all-ba17894\" data-elementor-lightbox-title=\"proj bavin 340\">\n\t\t\t\t\t<div class=\"e-gallery-image elementor-gallery-item__image\" data-thumbnail=\"https:\/\/nucleobatuira.org.br\/wp-content\/uploads\/2021\/07\/proj-bavin-340-300x300.jpg\" data-width=\"300\" data-height=\"300\" alt=\"\" ><\/div>\n\t\t\t\t\t\t\t\t\t\t<div class=\"elementor-gallery-item__overlay\"><\/div>\n\t\t\t\t\t\t\t\t\t\t\t\t\t\t<\/a>\n\t\t\t\t\t\t\t<a class=\"e-gallery-item elementor-gallery-item elementor-animated-content\" href=\"https:\/\/nucleobatuira.org.br\/wp-content\/uploads\/2021\/07\/projcrecheimg.jpg\" data-elementor-open-lightbox=\"yes\" data-elementor-lightbox-slideshow=\"all-ba17894\" data-elementor-lightbox-title=\"projcrecheimg\">\n\t\t\t\t\t<div class=\"e-gallery-image elementor-gallery-item__image\" data-thumbnail=\"https:\/\/nucleobatuira.org.br\/wp-content\/uploads\/2021\/07\/projcrecheimg.jpg\" data-width=\"250\" data-height=\"250\" alt=\"\" ><\/div>\n\t\t\t\t\t\t\t\t\t\t<div class=\"elementor-gallery-item__overlay\"><\/div>\n\t\t\t\t\t\t\t\t\t\t\t\t\t\t<\/a>\n\t\t\t\t\t\t\t<a class=\"e-gallery-item elementor-gallery-item elementor-animated-content\" href=\"https:\/\/nucleobatuira.org.br\/wp-content\/uploads\/2021\/07\/20210416_032432-1.jpg\" data-elementor-open-lightbox=\"yes\" data-elementor-lightbox-slideshow=\"all-ba17894\" data-elementor-lightbox-title=\"20210416_032432\">\n\t\t\t\t\t<div class=\"e-gallery-image elementor-gallery-item__image\" data-thumbnail=\"https:\/\/nucleobatuira.org.br\/wp-content\/uploads\/2021\/07\/20210416_032432-1-300x209.jpg\" data-width=\"300\" data-height=\"209\" alt=\"\" ><\/div>\n\t\t\t\t\t\t\t\t\t\t<div class=\"elementor-gallery-item__overlay\"><\/div>\n\t\t\t\t\t\t\t\t\t\t\t\t\t\t<\/a>\n\t\t\t\t\t\t\t<a class=\"e-gallery-item elementor-gallery-item elementor-animated-content\" href=\"https:\/\/nucleobatuira.org.br\/wp-content\/uploads\/2021\/07\/2ae535ac-4360-4b28-be4d-6234ad890092.jpg\" data-elementor-open-lightbox=\"yes\" data-elementor-lightbox-slideshow=\"all-ba17894\" data-elementor-lightbox-title=\"2ae535ac-4360-4b28-be4d-6234ad890092\">\n\t\t\t\t\t<div class=\"e-gallery-image elementor-gallery-item__image\" data-thumbnail=\"https:\/\/nucleobatuira.org.br\/wp-content\/uploads\/2021\/07\/2ae535ac-4360-4b28-be4d-6234ad890092-300x225.jpg\" data-width=\"300\" data-height=\"225\" alt=\"\" ><\/div>\n\t\t\t\t\t\t\t\t\t\t<div class=\"elementor-gallery-item__overlay\"><\/div>\n\t\t\t\t\t\t\t\t\t\t\t\t\t\t<\/a>\n\t\t\t\t\t\t\t<a class=\"e-gallery-item elementor-gallery-item elementor-animated-content\" href=\"https:\/\/nucleobatuira.org.br\/wp-content\/uploads\/2021\/07\/Abordagem14-e1632854179991.jpg\" data-elementor-open-lightbox=\"yes\" data-elementor-lightbox-slideshow=\"all-ba17894\" data-elementor-lightbox-title=\"Abordagem14\">\n\t\t\t\t\t<div class=\"e-gallery-image elementor-gallery-item__image\" data-thumbnail=\"https:\/\/nucleobatuira.org.br\/wp-content\/uploads\/2021\/07\/Abordagem14-e1632854179991-300x213.jpg\" data-width=\"300\" data-height=\"213\" alt=\"\" ><\/div>\n\t\t\t\t\t\t\t\t\t\t<div class=\"elementor-gallery-item__overlay\"><\/div>\n\t\t\t\t\t\t\t\t\t\t\t\t\t\t<\/a>\n\t\t\t\t\t\t\t<a class=\"e-gallery-item elementor-gallery-item elementor-animated-content\" href=\"https:\/\/nucleobatuira.org.br\/wp-content\/uploads\/2021\/07\/SEPOP13.jpg\" data-elementor-open-lightbox=\"yes\" data-elementor-lightbox-slideshow=\"all-ba17894\" data-elementor-lightbox-title=\"SEPOP13\">\n\t\t\t\t\t<div class=\"e-gallery-image elementor-gallery-item__image\" data-thumbnail=\"https:\/\/nucleobatuira.org.br\/wp-content\/uploads\/2021\/07\/SEPOP13-225x300.jpg\" data-width=\"225\" data-height=\"300\" alt=\"\" ><\/div>\n\t\t\t\t\t\t\t\t\t\t<div class=\"elementor-gallery-item__overlay\"><\/div>\n\t\t\t\t\t\t\t\t\t\t\t\t\t\t<\/a>\n\t\t\t\t\t\t\t<a class=\"e-gallery-item elementor-gallery-item elementor-animated-content\" href=\"https:\/\/nucleobatuira.org.br\/wp-content\/uploads\/2021\/07\/projsupercao.jpg\" data-elementor-open-lightbox=\"yes\" data-elementor-lightbox-slideshow=\"all-ba17894\" data-elementor-lightbox-title=\"projsupercao\">\n\t\t\t\t\t<div class=\"e-gallery-image elementor-gallery-item__image\" data-thumbnail=\"https:\/\/nucleobatuira.org.br\/wp-content\/uploads\/2021\/07\/projsupercao.jpg\" data-width=\"250\" data-height=\"250\" alt=\"\" ><\/div>\n\t\t\t\t\t\t\t\t\t\t<div class=\"elementor-gallery-item__overlay\"><\/div>\n\t\t\t\t\t\t\t\t\t\t\t\t\t\t<\/a>\n\t\t\t\t\t\t\t<a class=\"e-gallery-item elementor-gallery-item elementor-animated-content\" href=\"https:\/\/nucleobatuira.org.br\/wp-content\/uploads\/2021\/09\/WhatsApp-Image-2021-09-23-at-16.58.58.jpeg\" data-elementor-open-lightbox=\"yes\" data-elementor-lightbox-slideshow=\"all-ba17894\" data-elementor-lightbox-title=\"WhatsApp Image 2021-09-23 at 16.58.58\">\n\t\t\t\t\t<div class=\"e-gallery-image elementor-gallery-item__image\" data-thumbnail=\"https:\/\/nucleobatuira.org.br\/wp-content\/uploads\/2021\/09\/WhatsApp-Image-2021-09-23-at-16.58.58-300x225.jpeg\" data-width=\"300\" data-height=\"225\" alt=\"\" ><\/div>\n\t\t\t\t\t\t\t\t\t\t<div class=\"elementor-gallery-item__overlay\"><\/div>\n\t\t\t\t\t\t\t\t\t\t\t\t\t\t<\/a>\n\t\t\t\t\t<\/div>\n\t\t\t<\/div>\n\t\t\t\t<\/div>\n\t\t\t\t<div class=\"elementor-element elementor-element-0a8342d elementor-widget-divider--view-line elementor-widget elementor-widget-divider\" data-id=\"0a8342d\" data-element_type=\"widget\" data-widget_type=\"divider.default\">\n\t\t\t\t<div class=\"elementor-widget-container\">\n\t\t\t\t\t<div class=\"elementor-divider\">\n\t\t\t<span class=\"elementor-divider-separator\">\n\t\t\t\t\t\t<\/span>\n\t\t<\/div>\n\t\t\t\t<\/div>\n\t\t\t\t<\/div>\n\t\t\t\t\t<\/div>\n\t\t<\/div>\n\t\t\t\t\t\t\t<\/div>\n\t\t<\/section>\n\t\t\t\t<section class=\"elementor-section elementor-top-section elementor-element elementor-element-2da09a1 elementor-section-full_width elementor-section-stretched elementor-section-height-default elementor-section-height-default\" data-id=\"2da09a1\" data-element_type=\"section\" data-settings=\"{&quot;stretch_section&quot;:&quot;section-stretched&quot;,&quot;background_background&quot;:&quot;gradient&quot;}\">\n\t\t\t\t\t\t<div class=\"elementor-container elementor-column-gap-default\">\n\t\t\t\t\t<div class=\"elementor-column elementor-col-100 elementor-top-column elementor-element elementor-element-9def388\" data-id=\"9def388\" data-element_type=\"column\" data-settings=\"{&quot;background_background&quot;:&quot;classic&quot;}\">\n\t\t\t<div class=\"elementor-widget-wrap elementor-element-populated\">\n\t\t\t\t\t\t\t\t<div class=\"elementor-element elementor-element-f509f97 elementor-widget elementor-widget-spacer\" data-id=\"f509f97\" data-element_type=\"widget\" data-widget_type=\"spacer.default\">\n\t\t\t\t<div class=\"elementor-widget-container\">\n\t\t\t\t\t<div class=\"elementor-spacer\">\n\t\t\t<div class=\"elementor-spacer-inner\"><\/div>\n\t\t<\/div>\n\t\t\t\t<\/div>\n\t\t\t\t<\/div>\n\t\t\t\t<section class=\"elementor-section elementor-inner-section elementor-element elementor-element-5a4b1af elementor-section-boxed elementor-section-height-default elementor-section-height-default\" data-id=\"5a4b1af\" data-element_type=\"section\">\n\t\t\t\t\t\t<div class=\"elementor-container elementor-column-gap-default\">\n\t\t\t\t\t<div class=\"elementor-column elementor-col-50 elementor-inner-column elementor-element elementor-element-a900753\" data-id=\"a900753\" data-element_type=\"column\">\n\t\t\t<div class=\"elementor-widget-wrap elementor-element-populated\">\n\t\t\t\t\t\t\t\t<div class=\"elementor-element elementor-element-47ce50b elementor-aspect-ratio-169 elementor-widget elementor-widget-video\" data-id=\"47ce50b\" data-element_type=\"widget\" data-settings=\"{&quot;youtube_url&quot;:&quot;https:\\\/\\\/www.youtube.com\\\/watch?v=4uJynVcxtNw&quot;,&quot;video_type&quot;:&quot;youtube&quot;,&quot;controls&quot;:&quot;yes&quot;,&quot;aspect_ratio&quot;:&quot;169&quot;}\" data-widget_type=\"video.default\">\n\t\t\t\t<div class=\"elementor-widget-container\">\n\t\t\t\t\t<div class=\"elementor-wrapper elementor-fit-aspect-ratio elementor-open-inline\">\n\t\t\t<div class=\"elementor-video\"><\/div>\t\t<\/div>\n\t\t\t\t<\/div>\n\t\t\t\t<\/div>\n\t\t\t\t\t<\/div>\n\t\t<\/div>\n\t\t\t\t<div class=\"elementor-column elementor-col-50 elementor-inner-column elementor-element elementor-element-b310e28\" data-id=\"b310e28\" data-element_type=\"column\">\n\t\t\t<div class=\"elementor-widget-wrap elementor-element-populated\">\n\t\t\t\t\t\t\t\t<div class=\"elementor-element elementor-element-f121786 elementor-widget elementor-widget-text-editor\" data-id=\"f121786\" data-element_type=\"widget\" data-widget_type=\"text-editor.default\">\n\t\t\t\t<div class=\"elementor-widget-container\">\n\t\t\t\t\t\t\t\t<p class=\"has-drop-cap\">O N\u00facleo Batu\u00edra atua n\u00e3o apenas como instrumento de efetiva\u00e7\u00e3o dos direitos sociais de seus atendidos, mas tamb\u00e9m como formador de conceitos e atitudes \u00e0 conscientiza\u00e7\u00e3o e atua\u00e7\u00e3o cidad\u00e3 de cada um. Sua contribui\u00e7\u00e3o ajuda a difundir esse trabalho, bem como o desenvolvimento individual e coletivo das comunidades atendidas por nossos projetos sociais.<\/p>\t\t\t\t\t\t<\/div>\n\t\t\t\t<\/div>\n\t\t\t\t<div class=\"elementor-element elementor-element-930ee12 elementor-button-info elementor-align-center elementor-widget elementor-widget-button\" data-id=\"930ee12\" data-element_type=\"widget\" data-widget_type=\"button.default\">\n\t\t\t\t<div class=\"elementor-widget-container\">\n\t\t\t\t\t<div class=\"elementor-button-wrapper\">\n\t\t\t<a href=\"https:\/\/nucleobatuira.org.br\/?page_id=321\" target=\"_blank\" class=\"elementor-button-link elementor-button elementor-size-lg\" role=\"button\">\n\t\t\t\t\t\t<span class=\"elementor-button-content-wrapper\">\n\t\t\t\t\t\t<span class=\"elementor-button-text\">CLIQUE AQUI PARA APOIAR<\/span>\n\t\t<\/span>\n\t\t\t\t\t<\/a>\n\t\t<\/div>\n\t\t\t\t<\/div>\n\t\t\t\t<\/div>\n\t\t\t\t\t<\/div>\n\t\t<\/div>\n\t\t\t\t\t\t\t<\/div>\n\t\t<\/section>\n\t\t\t\t<div class=\"elementor-element elementor-element-af98b12 elementor-widget elementor-widget-spacer\" data-id=\"af98b12\" data-element_type=\"widget\" data-widget_type=\"spacer.default\">\n\t\t\t\t<div class=\"elementor-widget-container\">\n\t\t\t\t\t<div class=\"elementor-spacer\">\n\t\t\t<div class=\"elementor-spacer-inner\"><\/div>\n\t\t<\/div>\n\t\t\t\t<\/div>\n\t\t\t\t<\/div>\n\t\t\t\t\t<\/div>\n\t\t<\/div>\n\t\t\t\t\t\t\t<\/div>\n\t\t<\/section>\n\t\t\t\t<section class=\"elementor-section elementor-top-section elementor-element elementor-element-274479e elementor-section-boxed elementor-section-height-default elementor-section-height-default\" data-id=\"274479e\" data-element_type=\"section\">\n\t\t\t\t\t\t<div class=\"elementor-container elementor-column-gap-default\">\n\t\t\t\t\t<div class=\"elementor-column elementor-col-100 elementor-top-column elementor-element elementor-element-1437050\" data-id=\"1437050\" data-element_type=\"column\">\n\t\t\t<div class=\"elementor-widget-wrap elementor-element-populated\">\n\t\t\t\t\t\t\t\t<div class=\"elementor-element elementor-element-bdf1641 elementor-widget elementor-widget-spacer\" data-id=\"bdf1641\" data-element_type=\"widget\" data-widget_type=\"spacer.default\">\n\t\t\t\t<div class=\"elementor-widget-container\">\n\t\t\t\t\t<div class=\"elementor-spacer\">\n\t\t\t<div class=\"elementor-spacer-inner\"><\/div>\n\t\t<\/div>\n\t\t\t\t<\/div>\n\t\t\t\t<\/div>\n\t\t\t\t\t<\/div>\n\t\t<\/div>\n\t\t\t\t\t\t\t<\/div>\n\t\t<\/section>\n\t\t\t\t\t\t<\/div>\n\t\t\t\t\t<\/div>\n\t\t","protected":false},"excerpt":{"rendered":"<p>https:\/\/nucleobatuira.org.br\/wp-content\/uploads\/2023\/10\/Design-sem-nome.mp4 https:\/\/nucleobatuira.org.br\/wp-content\/uploads\/2023\/10\/Criancas-2.mp4 https:\/\/nucleobatuira.org.br\/wp-content\/uploads\/2023\/10\/criancas.mp4 NOSSA GALERIA DE FOTOS https:\/\/www.youtube.com\/watch?v=4uJynVcxtNw O N\u00facleo Batu\u00edra atua n\u00e3o apenas como instrumento de efetiva\u00e7\u00e3o dos direitos sociais de seus atendidos, mas tamb\u00e9m como formador de conceitos e atitudes \u00e0 conscientiza\u00e7\u00e3o e atua\u00e7\u00e3o cidad\u00e3 de cada um. Sua contribui\u00e7\u00e3o ajuda a difundir esse trabalho, bem como o desenvolvimento individual e coletivo das&hellip;&nbsp;<a href=\"https:\/\/nucleobatuira.org.br\/\" class=\"\" rel=\"bookmark\">Continue a ler &raquo;<span class=\"screen-reader-text\">HOME<\/span><\/a><\/p>\n","protected":false},"author":1,"featured_media":0,"parent":0,"menu_order":0,"comment_status":"closed","ping_status":"closed","template":"","meta":{"neve_meta_sidebar":"default","neve_meta_container":"default","neve_meta_enable_content_width":"on","neve_meta_content_width":100,"neve_meta_title_alignment":"","neve_meta_author_avatar":"","neve_post_elements_order":"","neve_meta_disable_header":"","neve_meta_disable_footer":"","neve_meta_disable_title":"on","footnotes":""},"_links":{"self":[{"href":"https:\/\/nucleobatuira.org.br\/index.php?rest_route=\/wp\/v2\/pages\/307"}],"collection":[{"href":"https:\/\/nucleobatuira.org.br\/index.php?rest_route=\/wp\/v2\/pages"}],"about":[{"href":"https:\/\/nucleobatuira.org.br\/index.php?rest_route=\/wp\/v2\/types\/page"}],"author":[{"embeddable":true,"href":"https:\/\/nucleobatuira.org.br\/index.php?rest_route=\/wp\/v2\/users\/1"}],"replies":[{"embeddable":true,"href":"https:\/\/nucleobatuira.org.br\/index.php?rest_route=%2Fwp%2Fv2%2Fcomments&post=307"}],"version-history":[{"count":315,"href":"https:\/\/nucleobatuira.org.br\/index.php?rest_route=\/wp\/v2\/pages\/307\/revisions"}],"predecessor-version":[{"id":1433,"href":"https:\/\/nucleobatuira.org.br\/index.php?rest_route=\/wp\/v2\/pages\/307\/revisions\/1433"}],"wp:attachment":[{"href":"https:\/\/nucleobatuira.org.br\/index.php?rest_route=%2Fwp%2Fv2%2Fmedia&parent=307"}],"curies":[{"name":"wp","href":"https:\/\/api.w.org\/{rel}","templated":true}]}}